{"id":2315,"date":"2018-01-16T10:11:37","date_gmt":"2018-01-16T10:11:37","guid":{"rendered":"http:\/\/ranbron.bolvo.com\/?page_id=2315"},"modified":"2023-03-06T23:59:34","modified_gmt":"2023-03-06T23:59:34","slug":"nosotros","status":"publish","type":"page","link":"https:\/\/www.robinsdevelop.com\/energia\/en\/nosotros\/","title":{"rendered":"Nosotros"},"content":{"rendered":"<section class=\"wpb-content-wrapper\"><div data-vc-full-width=\"true\" data-vc-full-width-init=\"false\" class=\"vc_row wpb_row vc_row-fluid about-section about-page vc_custom_1531366134122\"><div class=\"wpb_column vc_column_container vc_col-sm-12\"><div class=\"vc_column-inner\"><div class=\"wpb_wrapper\">\n<div class=\"sec-title\">\n\t<div class=\"tag-line\">M\u00e1s de 40 a\u00f1os de experiencia<\/div><!-- \/.tag-line -->\n\t<h2>M\u00e1s sobre <strong>CIEnerg\u00eda<\/strong><\/h2>\n<\/div>\n\n\t<div class=\"wpb_text_column wpb_content_element\" >\n\t\t<div class=\"wpb_wrapper\">\n\t\t\t<p>Hemos participado exitosamente en el negocio de energ\u00eda en algunas de las mas grandes corporaciones energ\u00e9ticas del pa\u00eds, as\u00ed como en <em>start ups<\/em> y en el ramo de la consultor\u00eda, lo que nos brinda una perspectiva amplia del conocimiento y necesidades del sector, lo cual ponemos a la disposici\u00f3n de nuestros clientes.<\/p>\n\n\t\t<\/div>\n\t<\/div>\n\n\t<div class=\"wpb_text_column wpb_content_element\" >\n\t\t<div class=\"wpb_wrapper\">\n\t\t\t<p class=\"highlight\">El equipo de CIEnerg\u00eda ha tenido, dentro de sus trayectorias profesionales, responsabilidades de alta direcci\u00f3n en la originaci\u00f3n, desarrollo, financiamiento, comercializaci\u00f3n, puesta en marcha y operaci\u00f3n de m\u00faltiples proyectos de generaci\u00f3n.<\/p>\n\n\t\t<\/div>\n\t<\/div>\n<div class=\"vc_empty_space\"   style=\"height: 30px\"><span class=\"vc_empty_space_inner\"><\/span><\/div><\/div><\/div><\/div><\/div><div class=\"vc_row-full-width vc_clearfix\"><\/div><div data-vc-full-width=\"true\" data-vc-full-width-init=\"false\" class=\"vc_row wpb_row vc_row-fluid mission-history-area vc_custom_1676075029777\"><div class=\"sec-title wpb_column vc_column_container vc_col-sm-2\"><div class=\"vc_column-inner\"><div class=\"wpb_wrapper\"><\/div><\/div><\/div><div class=\"wpb_column vc_column_container vc_col-sm-8\"><div class=\"vc_column-inner\"><div class=\"wpb_wrapper\"><div class=\"vc_separator wpb_content_element vc_separator_align_center vc_sep_width_100 vc_sep_pos_align_center vc_sep_color_white vc_custom_1676075615602 h2   text-light vc_separator-has-text\" ><span class=\"vc_sep_holder vc_sep_holder_l\"><span class=\"vc_sep_line\"><\/span><\/span><h4>Nuestra Misi\u00f3n<\/h4><span class=\"vc_sep_holder vc_sep_holder_r\"><span class=\"vc_sep_line\"><\/span><\/span>\n<\/div>\n\t<div class=\"wpb_text_column wpb_content_element  misson-content\" >\n\t\t<div class=\"wpb_wrapper\">\n\t\t\t<p class=\"highlighted\" style=\"text-align: center;\">\u201cProporcionar servicios de consultor\u00eda de alta calidad en Gesti\u00f3n de Energ\u00eda, para optimizar la operaci\u00f3n y los resultados financieros sustentables de nuestros clientes -empresas de generaci\u00f3n y consumidores de energ\u00eda-\u201d<\/p>\n\n\t\t<\/div>\n\t<\/div>\n<\/div><\/div><\/div><div class=\"wpb_column vc_column_container vc_col-sm-2\"><div class=\"vc_column-inner\"><div class=\"wpb_wrapper\"><\/div><\/div><\/div><\/div><div class=\"vc_row-full-width vc_clearfix\"><\/div><div data-vc-full-width=\"true\" data-vc-full-width-init=\"false\" class=\"vc_row wpb_row vc_row-fluid advisor-area about-page vc_custom_1531366637683\"><div class=\"wpb_column vc_column_container vc_col-sm-3\"><div class=\"vc_column-inner\"><div class=\"wpb_wrapper\">\n\t<div  class=\"wpb_single_image wpb_content_element vc_align_center  vc_custom_1675657085460\">\n\t\t\n\t\t<figure class=\"wpb_wrapper vc_figure\">\n\t\t\t<div class=\"vc_single_image-wrapper   vc_box_border_grey\"><img loading=\"lazy\" decoding=\"async\" width=\"370\" height=\"274\" src=\"https:\/\/www.robinsdevelop.com\/energia\/wp-content\/uploads\/2018\/01\/risk-management-2.jpg\" class=\"vc_single_image-img attachment-full\" alt=\"\" title=\"risk-management-2\" srcset=\"https:\/\/www.robinsdevelop.com\/energia\/wp-content\/uploads\/2018\/01\/risk-management-2.jpg 370w, https:\/\/www.robinsdevelop.com\/energia\/wp-content\/uploads\/2018\/01\/risk-management-2-300x222.jpg 300w\" sizes=\"auto, (max-width: 370px) 100vw, 370px\" \/><\/div>\n\t\t<\/figure>\n\t<\/div>\n<\/div><\/div><\/div><div class=\"wpb_column vc_column_container vc_col-sm-9\"><div class=\"vc_column-inner\"><div class=\"wpb_wrapper\">\n\t<div class=\"wpb_text_column wpb_content_element\" >\n\t\t<div class=\"wpb_wrapper\">\n\t\t\t<ul>\n<li>Gesti\u00f3n Comercial y de Administraci\u00f3n de Energ\u00eda y Gesti\u00f3n de Gas de <b>+5000 MW <\/b>de activos de generaci\u00f3n;<\/li>\n<li>Desarrollo de estrategias de comercializaci\u00f3n y <i>pricing<\/i> para m\u00faltiples activos de generaci\u00f3n: Ciclos Combinados, Cogeneraciones, E\u00f3licas y Solares PV;<\/li>\n<li>Conformaci\u00f3n de equipos comerciales desde cero: b\u00fasqueda, selecci\u00f3n, contrataci\u00f3n y retenci\u00f3n del talento;<\/li>\n<li>Propuestas de suministro el\u00e9ctrico bajo los esquemas de autoabasto y en el MEM;<\/li>\n<li>Gesti\u00f3n Comercial: facturaci\u00f3n, seguimiento de pagos y servicio post-venta;<\/li>\n<li>Seguimiento de los leads generados a trav\u00e9s de CRM y herramientas computacionales hechas a la medida<\/li>\n<\/ul>\n\n\t\t<\/div>\n\t<\/div>\n<\/div><\/div><\/div><\/div><div class=\"vc_row-full-width vc_clearfix\"><\/div><div data-vc-full-width=\"true\" data-vc-full-width-init=\"false\" class=\"vc_row wpb_row vc_row-fluid advisor-area about-page vc_custom_1531366637683\"><div class=\"wpb_column vc_column_container vc_col-sm-3\"><div class=\"vc_column-inner\"><div class=\"wpb_wrapper\">\n\t<div  class=\"wpb_single_image wpb_content_element vc_align_center\">\n\t\t\n\t\t<figure class=\"wpb_wrapper vc_figure\">\n\t\t\t<div class=\"vc_single_image-wrapper   vc_box_border_grey\"><img loading=\"lazy\" decoding=\"async\" width=\"150\" height=\"150\" src=\"https:\/\/www.robinsdevelop.com\/energia\/wp-content\/uploads\/2018\/04\/video-img-150x150.png\" class=\"vc_single_image-img attachment-thumbnail\" alt=\"\" title=\"video-img\" \/><\/div>\n\t\t<\/figure>\n\t<\/div>\n<\/div><\/div><\/div><div class=\"wpb_column vc_column_container vc_col-sm-9\"><div class=\"vc_column-inner\"><div class=\"wpb_wrapper\">\n\t<div class=\"wpb_text_column wpb_content_element\" >\n\t\t<div class=\"wpb_wrapper\">\n\t\t\t<ul>\n<li>Responsables del Desarrollo y Operaci\u00f3n de proyectos de energ\u00eda renovables en M\u00e9xico <b>+800 MW <\/b>(e\u00f3lica y solar PV)<\/li>\n<\/ul>\n\n\t\t<\/div>\n\t<\/div>\n<\/div><\/div><\/div><\/div><div class=\"vc_row-full-width vc_clearfix\"><\/div><div data-vc-full-width=\"true\" data-vc-full-width-init=\"false\" class=\"vc_row wpb_row vc_row-fluid advisor-area about-page vc_custom_1531366637683\"><div class=\"wpb_column vc_column_container vc_col-sm-3\"><div class=\"vc_column-inner\"><div class=\"wpb_wrapper\">\n\t<div  class=\"wpb_single_image wpb_content_element vc_align_center\">\n\t\t\n\t\t<figure class=\"wpb_wrapper vc_figure\">\n\t\t\t<div class=\"vc_single_image-wrapper   vc_box_border_grey\"><img loading=\"lazy\" decoding=\"async\" width=\"300\" height=\"185\" src=\"https:\/\/www.robinsdevelop.com\/energia\/wp-content\/uploads\/2017\/12\/cases-1-6-300x185.jpg\" class=\"vc_single_image-img attachment-medium\" alt=\"\" title=\"cases-1-6\" srcset=\"https:\/\/www.robinsdevelop.com\/energia\/wp-content\/uploads\/2017\/12\/cases-1-6-300x185.jpg 300w, https:\/\/www.robinsdevelop.com\/energia\/wp-content\/uploads\/2017\/12\/cases-1-6.jpg 370w\" sizes=\"auto, (max-width: 300px) 100vw, 300px\" \/><\/div>\n\t\t<\/figure>\n\t<\/div>\n<\/div><\/div><\/div><div class=\"wpb_column vc_column_container vc_col-sm-9\"><div class=\"vc_column-inner\"><div class=\"wpb_wrapper\">\n\t<div class=\"wpb_text_column wpb_content_element\" >\n\t\t<div class=\"wpb_wrapper\">\n\t\t\t<ul>\n<li>Participaci\u00f3n en equipos de <i>due<\/i> <i>diligence<\/i> para el financiamiento de proyectos, <i>project<\/i> <i>finance<\/i>;<\/li>\n<li>Detecci\u00f3n de oportunidades de inversi\u00f3n para proyectos de generaci\u00f3n en M\u00e9xico, Centro Am\u00e9rica, el Caribe y Sud Am\u00e9rica;<\/li>\n<li>Generaci\u00f3n y actualizaci\u00f3n de pipeline de proyectos para potenciales adquisiciones;<\/li>\n<li>Desarrollo del pipeline de proyectos hasta generar proyectos calificados y ejecutables;<\/li>\n<li>Responsables del <i>P&amp;L<\/i> de la operaci\u00f3n en M\u00e9xico de activos de cogeneraci\u00f3n <b>+500 MW<\/b><\/li>\n<\/ul>\n\n\t\t<\/div>\n\t<\/div>\n<\/div><\/div><\/div><\/div><div class=\"vc_row-full-width vc_clearfix\"><\/div><div id=\"IDTrackRecord\" data-vc-full-width=\"true\" data-vc-full-width-init=\"false\" class=\"vc_row wpb_row vc_row-fluid mission-history-area vc_custom_1676405169002\"><div class=\"sec-title wpb_column vc_column_container vc_col-sm-12\"><div class=\"vc_column-inner\"><div class=\"wpb_wrapper\">\n\t<div class=\"wpb_text_column wpb_content_element\" >\n\t\t<div class=\"wpb_wrapper\">\n\t\t\t<h2 style=\"color: #ffffff; text-align: center;\">Track record<\/h2>\n<p style=\"text-align: center;\">El equipo de <b>CIEnerg\u00eda<\/b> ha participado en <b>+6 GW <\/b>de proyectos de diversas tecnolog\u00edas:<\/p>\n\n\t\t<\/div>\n\t<\/div>\n\n\t<div  class=\"wpb_single_image wpb_content_element vc_align_center\">\n\t\t\n\t\t<figure class=\"wpb_wrapper vc_figure\">\n\t\t\t<div class=\"vc_single_image-wrapper   vc_box_border_grey\"><img loading=\"lazy\" decoding=\"async\" width=\"1022\" height=\"469\" src=\"https:\/\/www.robinsdevelop.com\/energia\/wp-content\/uploads\/2023\/02\/track_record_fondo.png\" class=\"vc_single_image-img attachment-full\" alt=\"\" title=\"track_record_fondo\" srcset=\"https:\/\/www.robinsdevelop.com\/energia\/wp-content\/uploads\/2023\/02\/track_record_fondo.png 1022w, https:\/\/www.robinsdevelop.com\/energia\/wp-content\/uploads\/2023\/02\/track_record_fondo-300x138.png 300w, https:\/\/www.robinsdevelop.com\/energia\/wp-content\/uploads\/2023\/02\/track_record_fondo-768x352.png 768w, https:\/\/www.robinsdevelop.com\/energia\/wp-content\/uploads\/2023\/02\/track_record_fondo-18x8.png 18w\" sizes=\"auto, (max-width: 1022px) 100vw, 1022px\" \/><\/div>\n\t\t<\/figure>\n\t<\/div>\n<\/div><\/div><\/div><\/div><div class=\"vc_row-full-width vc_clearfix\"><\/div><div id=\"IDNuestroEquipo\" data-vc-full-width=\"true\" data-vc-full-width-init=\"false\" class=\"vc_row wpb_row vc_row-fluid advisor-area about-page vc_custom_1676405226300\"><div class=\"wpb_column vc_column_container vc_col-sm-12\"><div class=\"vc_column-inner\"><div class=\"wpb_wrapper\">\n\t<div class=\"wpb_text_column wpb_content_element  sec-title pull-left\" >\n\t\t<div class=\"wpb_wrapper\">\n\t\t\t<h2>Nuestro Equipo<\/h2>\n<p>Contamos con consultores profesionales en nuestro equipo. Nuestros integrantes saben lo que hacen muy bien.<\/p>\n\n\t\t<\/div>\n\t<\/div>\n<\/div><\/div><\/div><\/div><div class=\"vc_row-full-width vc_clearfix\"><\/div><div data-vc-full-width=\"true\" data-vc-full-width-init=\"false\" class=\"vc_row wpb_row vc_row-fluid advisor-area home-page-two sec-pad vc_custom_1531366648532 vc_row-has-fill\"><div class=\"sec-title two wpb_column vc_column_container vc_col-sm-3\"><div class=\"vc_column-inner\"><div class=\"wpb_wrapper\">\n<div class=\"single-advisor  text-center\">\n    <div class=\"img-box\">\n        <img decoding=\"async\" src=\"https:\/\/www.robinsdevelop.com\/energia\/wp-content\/uploads\/2023\/02\/DiversePeopleByBarsrsind_3-1.webp\" alt=\"\" \/>\n        <div class=\"overlay\">\n            <div class=\"box\">\n                <div class=\"content\">\n\t                                <\/div><!-- \/.content -->\n            <\/div><!-- \/.box -->\n        <\/div><!-- \/.overlay -->\n    <\/div><!-- \/.img-box -->\n    <h3>Ing. Jos\u00e9 \u00c1ngel Vel\u00e1zquez<\/h3>\n    <span>Director General y Fundador<\/span>\n<\/div><\/div><\/div><\/div><div class=\"wpb_column vc_column_container vc_col-sm-3\"><div class=\"vc_column-inner\"><div class=\"wpb_wrapper\">\n<div class=\"single-advisor  text-center\">\n    <div class=\"img-box\">\n        <img decoding=\"async\" src=\"https:\/\/www.robinsdevelop.com\/energia\/wp-content\/uploads\/2023\/02\/DiversePeopleByBarsrsind_2.webp\" alt=\"\" \/>\n        <div class=\"overlay\">\n            <div class=\"box\">\n                <div class=\"content\">\n\t                                    <a href=\"https:\/\/www.linkedin.com\/in\/jesus-23flores-2323-63a59088\" class=\"fab fa-linkedin-in\"><\/a>\n\t                                <\/div><!-- \/.content -->\n            <\/div><!-- \/.box -->\n        <\/div><!-- \/.overlay -->\n    <\/div><!-- \/.img-box -->\n    <h3>Ing. Jes\u00fas Flores<\/h3>\n    <span>Director Comercial y Fundador<\/span>\n<\/div><\/div><\/div><\/div><div class=\"wpb_column vc_column_container vc_col-sm-3\"><div class=\"vc_column-inner\"><div class=\"wpb_wrapper\">\n<div class=\"single-advisor  text-center\">\n    <div class=\"img-box\">\n        <img decoding=\"async\" src=\"https:\/\/www.robinsdevelop.com\/energia\/wp-content\/uploads\/2023\/02\/DiversePeopleByBarsrsind_4.webp\" alt=\"\" \/>\n        <div class=\"overlay\">\n            <div class=\"box\">\n                <div class=\"content\">\n\t                                <\/div><!-- \/.content -->\n            <\/div><!-- \/.box -->\n        <\/div><!-- \/.overlay -->\n    <\/div><!-- \/.img-box -->\n    <h3>Lic. Sean McCoy Cador<\/h3>\n    <span><\/span>\n<\/div><\/div><\/div><\/div><div class=\"wpb_column vc_column_container vc_col-sm-3\"><div class=\"vc_column-inner\"><div class=\"wpb_wrapper\"><\/div><\/div><\/div><\/div><div class=\"vc_row-full-width vc_clearfix\"><\/div>\n<\/section>","protected":false},"excerpt":{"rendered":"M\u00e1s de 40 a\u00f1os de experiencia M\u00e1s sobre CIEnerg\u00eda Hemos participado exitosamente en el negocio de energ\u00eda en algunas de las mas grandes corporaciones energ\u00e9ticas del pa\u00eds, as\u00ed como en start ups y en el ramo de la consultor\u00eda, lo que nos brinda una perspectiva amplia del conocimiento y necesidades del sector, lo cual ponemos [...]","protected":false},"author":1,"featured_media":0,"parent":0,"menu_order":0,"comment_status":"closed","ping_status":"closed","template":"","meta":{"_themeisle_gutenberg_block_has_review":false,"footnotes":""},"class_list":["post-2315","page","type-page","status-publish","hentry"],"_links":{"self":[{"href":"https:\/\/www.robinsdevelop.com\/energia\/en\/wp-json\/wp\/v2\/pages\/2315","targetHints":{"allow":["GET"]}}],"collection":[{"href":"https:\/\/www.robinsdevelop.com\/energia\/en\/wp-json\/wp\/v2\/pages"}],"about":[{"href":"https:\/\/www.robinsdevelop.com\/energia\/en\/wp-json\/wp\/v2\/types\/page"}],"author":[{"embeddable":true,"href":"https:\/\/www.robinsdevelop.com\/energia\/en\/wp-json\/wp\/v2\/users\/1"}],"replies":[{"embeddable":true,"href":"https:\/\/www.robinsdevelop.com\/energia\/en\/wp-json\/wp\/v2\/comments?post=2315"}],"version-history":[{"count":32,"href":"https:\/\/www.robinsdevelop.com\/energia\/en\/wp-json\/wp\/v2\/pages\/2315\/revisions"}],"predecessor-version":[{"id":3165,"href":"https:\/\/www.robinsdevelop.com\/energia\/en\/wp-json\/wp\/v2\/pages\/2315\/revisions\/3165"}],"wp:attachment":[{"href":"https:\/\/www.robinsdevelop.com\/energia\/en\/wp-json\/wp\/v2\/media?parent=2315"}],"curies":[{"name":"wp","href":"https:\/\/api.w.org\/{rel}","templated":true}]}}