{"id":2339,"date":"2018-01-16T11:05:59","date_gmt":"2018-01-16T11:05:59","guid":{"rendered":"http:\/\/ranbron.bolvo.com\/?page_id=2339"},"modified":"2023-02-14T20:54:59","modified_gmt":"2023-02-14T20:54:59","slug":"servicios","status":"publish","type":"page","link":"https:\/\/www.robinsdevelop.com\/energia\/servicios\/","title":{"rendered":"Servicios"},"content":{"rendered":"<section class=\"wpb-content-wrapper\"><div data-vc-full-width=\"true\" data-vc-full-width-init=\"false\" class=\"vc_row wpb_row vc_row-fluid service-page service-list\"><div class=\"wpb_column vc_column_container vc_col-sm-12\"><div class=\"vc_column-inner\"><div class=\"wpb_wrapper\">\n<div class=\"sec-title\">\n\t<div class=\"tag-line\">Lo que hacemos<\/div><!-- \/.tag-line -->\n\t<h2>Nuestros servicios<\/h2>\n<\/div>\n\n\t<div class=\"wpb_text_column wpb_content_element \" >\n\t\t<div class=\"wpb_wrapper\">\n\t\t\t<p>Servicios relacionados con los tipos de energ\u00edas, incluidos del tipo de viento, solar, CHP y ciclos combinados, destinados a la gesti\u00f3n operativa, que puede ser diferente seg\u00fan el sector industrial.<\/p>\n\n\t\t<\/div>\n\t<\/div>\n<div class=\"vc_empty_space\"   style=\"height: 30px\"><span class=\"vc_empty_space_inner\"><\/span><\/div><div class=\"single-what-we-do\">\n    <div class=\"icon-box\">\n        <div class=\"inner\">\n\t\t\n\t\t        <\/div><!-- \/.inner -->\n    <\/div><!-- \/.icon-box -->\n    <div class=\"text-box\">\n\t\t\t<h3><\/h3>\n\t\t\t<p><\/p>\n\t\t\t    <\/div><!-- \/.text-box -->\n<\/div>\n\n<div class=\"vc_grid-container-wrapper vc_clearfix vc_grid-animation-fadeIn\">\n\t<div class=\"vc_grid-container vc_clearfix wpb_content_element vc_basic_grid\" data-initial-loading-animation=\"fadeIn\" data-vc-grid-settings=\"{&quot;page_id&quot;:2339,&quot;style&quot;:&quot;all&quot;,&quot;action&quot;:&quot;vc_get_vc_grid_data&quot;,&quot;shortcode_id&quot;:&quot;1676405359516-3edc58b4f42dae6e4b6c3f42a002fe18-1&quot;,&quot;tag&quot;:&quot;vc_basic_grid&quot;}\" data-vc-request=\"https:\/\/www.robinsdevelop.com\/energia\/wp-admin\/admin-ajax.php\" data-vc-post-id=\"2339\" data-vc-public-nonce=\"cf69a7d917\">\n\t\t<style data-type=\"vc_shortcodes-custom-css\">.vc_custom_1419240595465{background-color: #f9f9f9 !important;}.vc_custom_1419240793832{background-color: rgba(0,0,0,0.3) !important;*background-color: rgb(0,0,0) !important;}<\/style><div class=\"vc_grid vc_row vc_grid-gutter-30px vc_pageable-wrapper vc_hook_hover\" data-vc-pageable-content=\"true\"><div class=\"vc_pageable-slide-wrapper vc_clearfix\" data-vc-grid-content=\"true\"><div class=\"vc_grid-item vc_clearfix vc_col-sm-3 vc_grid-item-zone-c-bottom\"><div class=\"vc_grid-item-mini vc_clearfix \"><div class=\"vc_gitem-animated-block  vc_gitem-animate vc_gitem-animate-scaleRotateIn\"  data-vc-animation=\"scaleRotateIn\"><div class=\"vc_gitem-zone vc_gitem-zone-a vc-gitem-zone-height-mode-auto vc-gitem-zone-height-mode-auto-1-1 vc_gitem-is-link\" style=\"background-image: url('https:\/\/www.robinsdevelop.com\/energia\/wp-content\/uploads\/2023\/02\/servicio_1_crop_2.jpg') !important;\"><a href=\"https:\/\/www.robinsdevelop.com\/energia\/service\/diagnostico-comercial-regulatorio\/\" title=\"Diagnostico Comercial \/ Regulatorio\" class=\"vc_gitem-link vc-zone-link\" ><\/a><img decoding=\"async\" src=\"https:\/\/www.robinsdevelop.com\/energia\/wp-content\/uploads\/2023\/02\/servicio_1_crop_2.jpg\" class=\"vc_gitem-zone-img\" alt=\"Diagnostico Comercial\/Regulatorio, herramientas de an\u00e1lisis y modelaci\u00f3n, Matriz de Cumplimiento\u00ae\"><div class=\"vc_gitem-zone-mini\"><\/div><\/div><div class=\"vc_gitem-zone vc_gitem-zone-b vc_custom_1419240793832 vc-gitem-zone-height-mode-auto vc_gitem-is-link\"><a href=\"https:\/\/www.robinsdevelop.com\/energia\/service\/diagnostico-comercial-regulatorio\/\" title=\"Diagnostico Comercial \/ Regulatorio\" class=\"vc_gitem-link vc-zone-link\" ><\/a><div class=\"vc_gitem-zone-mini\"><\/div><\/div><\/div><div class=\"vc_gitem-zone vc_gitem-zone-c vc_custom_1419240595465\"><div class=\"vc_gitem-zone-mini\"><div class=\"vc_gitem_row vc_row vc_gitem-row-position-top\"><div class=\"vc_col-sm-12 vc_gitem-col vc_gitem-col-align-\"><div class=\"vc_custom_heading vc_gitem-post-data vc_gitem-post-data-source-post_title\" ><h4 style=\"text-align: left\" >Diagnostico Comercial \/ Regulatorio<\/h4><\/div><div class=\"vc_custom_heading vc_gitem-post-data vc_gitem-post-data-source-post_excerpt\" ><p style=\"text-align: left\" ><p>Diagnostico Comercial\/Regulatorio, herramientas de an\u00e1lisis y modelaci\u00f3n, Matriz de Cumplimiento\u00ae<\/p>\n<\/p><\/div><div class=\"vc_btn3-container vc_btn3-left\"><a class=\"vc_general vc_btn3 vc_btn3-size-md vc_btn3-shape-rounded vc_btn3-style-modern vc_btn3-color-primary\" a href=\"https:\/\/www.robinsdevelop.com\/energia\/service\/diagnostico-comercial-regulatorio\/\" class=\"vc_gitem-link vc_general vc_btn3 vc_general vc_btn3 vc_btn3-size-md vc_btn3-shape-rounded vc_btn3-style-modern vc_btn3-color-primary\" title=\"Leer m\u00e1s\">Leer m\u00e1s<\/a><\/div><\/div><\/div><\/div><\/div><\/div><div class=\"vc_clearfix\"><\/div><\/div><div class=\"vc_grid-item vc_clearfix vc_col-sm-3 vc_grid-item-zone-c-bottom\"><div class=\"vc_grid-item-mini vc_clearfix \"><div class=\"vc_gitem-animated-block  vc_gitem-animate vc_gitem-animate-scaleRotateIn\"  data-vc-animation=\"scaleRotateIn\"><div class=\"vc_gitem-zone vc_gitem-zone-a vc-gitem-zone-height-mode-auto vc-gitem-zone-height-mode-auto-1-1 vc_gitem-is-link\" style=\"background-image: url('https:\/\/www.robinsdevelop.com\/energia\/wp-content\/uploads\/2023\/02\/servicio_2_crop_2.jpg') !important;\"><a href=\"https:\/\/www.robinsdevelop.com\/energia\/service\/elaboracion-e-implementacion-de-estrategias-comerciales\/\" title=\"Elaboraci\u00f3n e implementaci\u00f3n de estrategias comerciales\" class=\"vc_gitem-link vc-zone-link\" ><\/a><img decoding=\"async\" src=\"https:\/\/www.robinsdevelop.com\/energia\/wp-content\/uploads\/2023\/02\/servicio_2_crop_2.jpg\" class=\"vc_gitem-zone-img\" alt=\"Asegurar la sustentabilidad de la unidad de negocio y maximizar las ganancias del mismo\"><div class=\"vc_gitem-zone-mini\"><\/div><\/div><div class=\"vc_gitem-zone vc_gitem-zone-b vc_custom_1419240793832 vc-gitem-zone-height-mode-auto vc_gitem-is-link\"><a href=\"https:\/\/www.robinsdevelop.com\/energia\/service\/elaboracion-e-implementacion-de-estrategias-comerciales\/\" title=\"Elaboraci\u00f3n e implementaci\u00f3n de estrategias comerciales\" class=\"vc_gitem-link vc-zone-link\" ><\/a><div class=\"vc_gitem-zone-mini\"><\/div><\/div><\/div><div class=\"vc_gitem-zone vc_gitem-zone-c vc_custom_1419240595465\"><div class=\"vc_gitem-zone-mini\"><div class=\"vc_gitem_row vc_row vc_gitem-row-position-top\"><div class=\"vc_col-sm-12 vc_gitem-col vc_gitem-col-align-\"><div class=\"vc_custom_heading vc_gitem-post-data vc_gitem-post-data-source-post_title\" ><h4 style=\"text-align: left\" >Elaboraci\u00f3n e implementaci\u00f3n de estrategias comerciales<\/h4><\/div><div class=\"vc_custom_heading vc_gitem-post-data vc_gitem-post-data-source-post_excerpt\" ><p style=\"text-align: left\" ><p>Asegurar la sustentabilidad de la unidad de negocio y maximizar las ganancias del mismo<\/p>\n<\/p><\/div><div class=\"vc_btn3-container vc_btn3-left\"><a class=\"vc_general vc_btn3 vc_btn3-size-md vc_btn3-shape-rounded vc_btn3-style-modern vc_btn3-color-primary\" a href=\"https:\/\/www.robinsdevelop.com\/energia\/service\/elaboracion-e-implementacion-de-estrategias-comerciales\/\" class=\"vc_gitem-link vc_general vc_btn3 vc_general vc_btn3 vc_btn3-size-md vc_btn3-shape-rounded vc_btn3-style-modern vc_btn3-color-primary\" title=\"Leer m\u00e1s\">Leer m\u00e1s<\/a><\/div><\/div><\/div><\/div><\/div><\/div><div class=\"vc_clearfix\"><\/div><\/div><div class=\"vc_grid-item vc_clearfix vc_col-sm-3 vc_grid-item-zone-c-bottom\"><div class=\"vc_grid-item-mini vc_clearfix \"><div class=\"vc_gitem-animated-block  vc_gitem-animate vc_gitem-animate-scaleRotateIn\"  data-vc-animation=\"scaleRotateIn\"><div class=\"vc_gitem-zone vc_gitem-zone-a vc-gitem-zone-height-mode-auto vc-gitem-zone-height-mode-auto-1-1 vc_gitem-is-link\" style=\"background-image: url('https:\/\/www.robinsdevelop.com\/energia\/wp-content\/uploads\/2023\/02\/procura_energia_2_drop.jpg') !important;\"><a href=\"https:\/\/www.robinsdevelop.com\/energia\/service\/procura-de-energia\/\" title=\"Procura de energ\u00eda\" class=\"vc_gitem-link vc-zone-link\" ><\/a><img decoding=\"async\" src=\"https:\/\/www.robinsdevelop.com\/energia\/wp-content\/uploads\/2023\/02\/procura_energia_2_drop.jpg\" class=\"vc_gitem-zone-img\" alt=\"Licitaciones privadas (RFQs) para la compra o venta de energ\u00eda y productos asociados\"><div class=\"vc_gitem-zone-mini\"><\/div><\/div><div class=\"vc_gitem-zone vc_gitem-zone-b vc_custom_1419240793832 vc-gitem-zone-height-mode-auto vc_gitem-is-link\"><a href=\"https:\/\/www.robinsdevelop.com\/energia\/service\/procura-de-energia\/\" title=\"Procura de energ\u00eda\" class=\"vc_gitem-link vc-zone-link\" ><\/a><div class=\"vc_gitem-zone-mini\"><\/div><\/div><\/div><div class=\"vc_gitem-zone vc_gitem-zone-c vc_custom_1419240595465\"><div class=\"vc_gitem-zone-mini\"><div class=\"vc_gitem_row vc_row vc_gitem-row-position-top\"><div class=\"vc_col-sm-12 vc_gitem-col vc_gitem-col-align-\"><div class=\"vc_custom_heading vc_gitem-post-data vc_gitem-post-data-source-post_title\" ><h4 style=\"text-align: left\" >Procura de energ\u00eda<\/h4><\/div><div class=\"vc_custom_heading vc_gitem-post-data vc_gitem-post-data-source-post_excerpt\" ><p style=\"text-align: left\" ><p>Licitaciones privadas (RFQs) para la compra o venta de energ\u00eda y productos asociados<\/p>\n<\/p><\/div><div class=\"vc_btn3-container vc_btn3-left\"><a class=\"vc_general vc_btn3 vc_btn3-size-md vc_btn3-shape-rounded vc_btn3-style-modern vc_btn3-color-primary\" a href=\"https:\/\/www.robinsdevelop.com\/energia\/service\/procura-de-energia\/\" class=\"vc_gitem-link vc_general vc_btn3 vc_general vc_btn3 vc_btn3-size-md vc_btn3-shape-rounded vc_btn3-style-modern vc_btn3-color-primary\" title=\"Leer m\u00e1s\">Leer m\u00e1s<\/a><\/div><\/div><\/div><\/div><\/div><\/div><div class=\"vc_clearfix\"><\/div><\/div><div class=\"vc_grid-item vc_clearfix vc_col-sm-3 vc_grid-item-zone-c-bottom\"><div class=\"vc_grid-item-mini vc_clearfix \"><div class=\"vc_gitem-animated-block  vc_gitem-animate vc_gitem-animate-scaleRotateIn\"  data-vc-animation=\"scaleRotateIn\"><div class=\"vc_gitem-zone vc_gitem-zone-a vc-gitem-zone-height-mode-auto vc-gitem-zone-height-mode-auto-1-1 vc_gitem-is-link\" style=\"background-image: url('https:\/\/www.robinsdevelop.com\/energia\/wp-content\/uploads\/2023\/02\/originacion_negociacion_ppas_drop.jpg') !important;\"><a href=\"https:\/\/www.robinsdevelop.com\/energia\/service\/originacion-negociacion-de-ppas\/\" title=\"Originaci\u00f3n \/ Negociaci\u00f3n de PPAs\" class=\"vc_gitem-link vc-zone-link\" ><\/a><img decoding=\"async\" src=\"https:\/\/www.robinsdevelop.com\/energia\/wp-content\/uploads\/2023\/02\/originacion_negociacion_ppas_drop.jpg\" class=\"vc_gitem-zone-img\" alt=\"Nos especializamos en la negociaci\u00f3n y cierre de acuerdos de suministro de energ\u00eda\"><div class=\"vc_gitem-zone-mini\"><\/div><\/div><div class=\"vc_gitem-zone vc_gitem-zone-b vc_custom_1419240793832 vc-gitem-zone-height-mode-auto vc_gitem-is-link\"><a href=\"https:\/\/www.robinsdevelop.com\/energia\/service\/originacion-negociacion-de-ppas\/\" title=\"Originaci\u00f3n \/ Negociaci\u00f3n de PPAs\" class=\"vc_gitem-link vc-zone-link\" ><\/a><div class=\"vc_gitem-zone-mini\"><\/div><\/div><\/div><div class=\"vc_gitem-zone vc_gitem-zone-c vc_custom_1419240595465\"><div class=\"vc_gitem-zone-mini\"><div class=\"vc_gitem_row vc_row vc_gitem-row-position-top\"><div class=\"vc_col-sm-12 vc_gitem-col vc_gitem-col-align-\"><div class=\"vc_custom_heading vc_gitem-post-data vc_gitem-post-data-source-post_title\" ><h4 style=\"text-align: left\" >Originaci\u00f3n \/ Negociaci\u00f3n de PPAs<\/h4><\/div><div class=\"vc_custom_heading vc_gitem-post-data vc_gitem-post-data-source-post_excerpt\" ><p style=\"text-align: left\" ><p>Nos especializamos en la negociaci\u00f3n y cierre de acuerdos de suministro de energ\u00eda <\/p>\n<\/p><\/div><div class=\"vc_btn3-container vc_btn3-left\"><a class=\"vc_general vc_btn3 vc_btn3-size-md vc_btn3-shape-rounded vc_btn3-style-modern vc_btn3-color-primary\" a href=\"https:\/\/www.robinsdevelop.com\/energia\/service\/originacion-negociacion-de-ppas\/\" class=\"vc_gitem-link vc_general vc_btn3 vc_general vc_btn3 vc_btn3-size-md vc_btn3-shape-rounded vc_btn3-style-modern vc_btn3-color-primary\" title=\"Leer m\u00e1s\">Leer m\u00e1s<\/a><\/div><\/div><\/div><\/div><\/div><\/div><div class=\"vc_clearfix\"><\/div><\/div><div class=\"vc_grid-item vc_clearfix vc_col-sm-3 vc_grid-item-zone-c-bottom\"><div class=\"vc_grid-item-mini vc_clearfix \"><div class=\"vc_gitem-animated-block  vc_gitem-animate vc_gitem-animate-scaleRotateIn\"  data-vc-animation=\"scaleRotateIn\"><div class=\"vc_gitem-zone vc_gitem-zone-a vc-gitem-zone-height-mode-auto vc-gitem-zone-height-mode-auto-1-1 vc_gitem-is-link\" style=\"background-image: url('https:\/\/www.robinsdevelop.com\/energia\/wp-content\/uploads\/2023\/02\/administracion_ppas_drop-1.jpg') !important;\"><a href=\"https:\/\/www.robinsdevelop.com\/energia\/service\/administracion-de-ppas\/\" title=\"Administraci\u00f3n de PPAs\" class=\"vc_gitem-link vc-zone-link\" ><\/a><img decoding=\"async\" src=\"https:\/\/www.robinsdevelop.com\/energia\/wp-content\/uploads\/2023\/02\/administracion_ppas_drop-1.jpg\" class=\"vc_gitem-zone-img\" alt=\"El equipo de CIEnerg\u00eda le proporciona toda la administraci\u00f3n de sus PPAs\"><div class=\"vc_gitem-zone-mini\"><\/div><\/div><div class=\"vc_gitem-zone vc_gitem-zone-b vc_custom_1419240793832 vc-gitem-zone-height-mode-auto vc_gitem-is-link\"><a href=\"https:\/\/www.robinsdevelop.com\/energia\/service\/administracion-de-ppas\/\" title=\"Administraci\u00f3n de PPAs\" class=\"vc_gitem-link vc-zone-link\" ><\/a><div class=\"vc_gitem-zone-mini\"><\/div><\/div><\/div><div class=\"vc_gitem-zone vc_gitem-zone-c vc_custom_1419240595465\"><div class=\"vc_gitem-zone-mini\"><div class=\"vc_gitem_row vc_row vc_gitem-row-position-top\"><div class=\"vc_col-sm-12 vc_gitem-col vc_gitem-col-align-\"><div class=\"vc_custom_heading vc_gitem-post-data vc_gitem-post-data-source-post_title\" ><h4 style=\"text-align: left\" >Administraci\u00f3n de PPAs<\/h4><\/div><div class=\"vc_custom_heading vc_gitem-post-data vc_gitem-post-data-source-post_excerpt\" ><p style=\"text-align: left\" ><p>El equipo de CIEnerg\u00eda le proporciona toda la administraci\u00f3n de sus PPAs<\/p>\n<\/p><\/div><div class=\"vc_btn3-container vc_btn3-left\"><a class=\"vc_general vc_btn3 vc_btn3-size-md vc_btn3-shape-rounded vc_btn3-style-modern vc_btn3-color-primary\" a href=\"https:\/\/www.robinsdevelop.com\/energia\/service\/administracion-de-ppas\/\" class=\"vc_gitem-link vc_general vc_btn3 vc_general vc_btn3 vc_btn3-size-md vc_btn3-shape-rounded vc_btn3-style-modern vc_btn3-color-primary\" title=\"Leer m\u00e1s\">Leer m\u00e1s<\/a><\/div><\/div><\/div><\/div><\/div><\/div><div class=\"vc_clearfix\"><\/div><\/div><div class=\"vc_grid-item vc_clearfix vc_col-sm-3 vc_grid-item-zone-c-bottom\"><div class=\"vc_grid-item-mini vc_clearfix \"><div class=\"vc_gitem-animated-block  vc_gitem-animate vc_gitem-animate-scaleRotateIn\"  data-vc-animation=\"scaleRotateIn\"><div class=\"vc_gitem-zone vc_gitem-zone-a vc-gitem-zone-height-mode-auto vc-gitem-zone-height-mode-auto-1-1 vc_gitem-is-link\" style=\"background-image: url('https:\/\/www.robinsdevelop.com\/energia\/wp-content\/uploads\/2023\/02\/gestiones_ante_cre_drop.jpg') !important;\"><a href=\"https:\/\/www.robinsdevelop.com\/energia\/service\/gestiones-ante-la-cre\/\" title=\"Gestiones ante la CRE\" class=\"vc_gitem-link vc-zone-link\" ><\/a><img decoding=\"async\" src=\"https:\/\/www.robinsdevelop.com\/energia\/wp-content\/uploads\/2023\/02\/gestiones_ante_cre_drop.jpg\" class=\"vc_gitem-zone-img\" alt=\"Permisos, modificaciones, gestiones, consultas\"><div class=\"vc_gitem-zone-mini\"><\/div><\/div><div class=\"vc_gitem-zone vc_gitem-zone-b vc_custom_1419240793832 vc-gitem-zone-height-mode-auto vc_gitem-is-link\"><a href=\"https:\/\/www.robinsdevelop.com\/energia\/service\/gestiones-ante-la-cre\/\" title=\"Gestiones ante la CRE\" class=\"vc_gitem-link vc-zone-link\" ><\/a><div class=\"vc_gitem-zone-mini\"><\/div><\/div><\/div><div class=\"vc_gitem-zone vc_gitem-zone-c vc_custom_1419240595465\"><div class=\"vc_gitem-zone-mini\"><div class=\"vc_gitem_row vc_row vc_gitem-row-position-top\"><div class=\"vc_col-sm-12 vc_gitem-col vc_gitem-col-align-\"><div class=\"vc_custom_heading vc_gitem-post-data vc_gitem-post-data-source-post_title\" ><h4 style=\"text-align: left\" >Gestiones ante la CRE<\/h4><\/div><div class=\"vc_custom_heading vc_gitem-post-data vc_gitem-post-data-source-post_excerpt\" ><p style=\"text-align: left\" ><p>Permisos, modificaciones, gestiones, consultas<\/p>\n<\/p><\/div><div class=\"vc_btn3-container vc_btn3-left\"><a class=\"vc_general vc_btn3 vc_btn3-size-md vc_btn3-shape-rounded vc_btn3-style-modern vc_btn3-color-primary\" a href=\"https:\/\/www.robinsdevelop.com\/energia\/service\/gestiones-ante-la-cre\/\" class=\"vc_gitem-link vc_general vc_btn3 vc_general vc_btn3 vc_btn3-size-md vc_btn3-shape-rounded vc_btn3-style-modern vc_btn3-color-primary\" title=\"Leer m\u00e1s\">Leer m\u00e1s<\/a><\/div><\/div><\/div><\/div><\/div><\/div><div class=\"vc_clearfix\"><\/div><\/div><div class=\"vc_grid-item vc_clearfix vc_col-sm-3 vc_grid-item-zone-c-bottom\"><div class=\"vc_grid-item-mini vc_clearfix \"><div class=\"vc_gitem-animated-block  vc_gitem-animate vc_gitem-animate-scaleRotateIn\"  data-vc-animation=\"scaleRotateIn\"><div class=\"vc_gitem-zone vc_gitem-zone-a vc-gitem-zone-height-mode-auto vc-gitem-zone-height-mode-auto-1-1 vc_gitem-is-link\" style=\"background-image: url('https:\/\/www.robinsdevelop.com\/energia\/wp-content\/uploads\/2023\/02\/gestiones_ante_cenace_cfe_drop.jpg') !important;\"><a href=\"https:\/\/www.robinsdevelop.com\/energia\/service\/gestiones-ante-cenace-y-cfe\/\" title=\"Gestiones ante CENACE y CFE\" class=\"vc_gitem-link vc-zone-link\" ><\/a><img decoding=\"async\" src=\"https:\/\/www.robinsdevelop.com\/energia\/wp-content\/uploads\/2023\/02\/gestiones_ante_cenace_cfe_drop.jpg\" class=\"vc_gitem-zone-img\" alt=\"Contratos de interconexi\u00f3n, medici\u00f3n, protecciones, etc\"><div class=\"vc_gitem-zone-mini\"><\/div><\/div><div class=\"vc_gitem-zone vc_gitem-zone-b vc_custom_1419240793832 vc-gitem-zone-height-mode-auto vc_gitem-is-link\"><a href=\"https:\/\/www.robinsdevelop.com\/energia\/service\/gestiones-ante-cenace-y-cfe\/\" title=\"Gestiones ante CENACE y CFE\" class=\"vc_gitem-link vc-zone-link\" ><\/a><div class=\"vc_gitem-zone-mini\"><\/div><\/div><\/div><div class=\"vc_gitem-zone vc_gitem-zone-c vc_custom_1419240595465\"><div class=\"vc_gitem-zone-mini\"><div class=\"vc_gitem_row vc_row vc_gitem-row-position-top\"><div class=\"vc_col-sm-12 vc_gitem-col vc_gitem-col-align-\"><div class=\"vc_custom_heading vc_gitem-post-data vc_gitem-post-data-source-post_title\" ><h4 style=\"text-align: left\" >Gestiones ante CENACE y CFE<\/h4><\/div><div class=\"vc_custom_heading vc_gitem-post-data vc_gitem-post-data-source-post_excerpt\" ><p style=\"text-align: left\" ><p>Contratos de interconexi\u00f3n, medici\u00f3n, protecciones, etc<\/p>\n<\/p><\/div><div class=\"vc_btn3-container vc_btn3-left\"><a class=\"vc_general vc_btn3 vc_btn3-size-md vc_btn3-shape-rounded vc_btn3-style-modern vc_btn3-color-primary\" a href=\"https:\/\/www.robinsdevelop.com\/energia\/service\/gestiones-ante-cenace-y-cfe\/\" class=\"vc_gitem-link vc_general vc_btn3 vc_general vc_btn3 vc_btn3-size-md vc_btn3-shape-rounded vc_btn3-style-modern vc_btn3-color-primary\" title=\"Leer m\u00e1s\">Leer m\u00e1s<\/a><\/div><\/div><\/div><\/div><\/div><\/div><div class=\"vc_clearfix\"><\/div><\/div><div class=\"vc_grid-item vc_clearfix vc_col-sm-3 vc_grid-item-zone-c-bottom\"><div class=\"vc_grid-item-mini vc_clearfix \"><div class=\"vc_gitem-animated-block  vc_gitem-animate vc_gitem-animate-scaleRotateIn\"  data-vc-animation=\"scaleRotateIn\"><div class=\"vc_gitem-zone vc_gitem-zone-a vc-gitem-zone-height-mode-auto vc-gitem-zone-height-mode-auto-1-1 vc_gitem-is-link\" style=\"background-image: url('https:\/\/www.robinsdevelop.com\/energia\/wp-content\/uploads\/2023\/02\/servicio_8_crop_2.jpg') !important;\"><a href=\"https:\/\/www.robinsdevelop.com\/energia\/service\/implementacion-de-contratos-de-interconexion-y-de-conexion\/\" title=\"Implementaci\u00f3n de contratos de interconexi\u00f3n y de conexi\u00f3n\" class=\"vc_gitem-link vc-zone-link\" ><\/a><img decoding=\"async\" src=\"https:\/\/www.robinsdevelop.com\/energia\/wp-content\/uploads\/2023\/02\/servicio_8_crop_2.jpg\" class=\"vc_gitem-zone-img\" alt=\"Cumplimiento de los requerimientos de los Contratos de Interconexi\u00f3n y de Conexi\u00f3n\"><div class=\"vc_gitem-zone-mini\"><\/div><\/div><div class=\"vc_gitem-zone vc_gitem-zone-b vc_custom_1419240793832 vc-gitem-zone-height-mode-auto vc_gitem-is-link\"><a href=\"https:\/\/www.robinsdevelop.com\/energia\/service\/implementacion-de-contratos-de-interconexion-y-de-conexion\/\" title=\"Implementaci\u00f3n de contratos de interconexi\u00f3n y de conexi\u00f3n\" class=\"vc_gitem-link vc-zone-link\" ><\/a><div class=\"vc_gitem-zone-mini\"><\/div><\/div><\/div><div class=\"vc_gitem-zone vc_gitem-zone-c vc_custom_1419240595465\"><div class=\"vc_gitem-zone-mini\"><div class=\"vc_gitem_row vc_row vc_gitem-row-position-top\"><div class=\"vc_col-sm-12 vc_gitem-col vc_gitem-col-align-\"><div class=\"vc_custom_heading vc_gitem-post-data vc_gitem-post-data-source-post_title\" ><h4 style=\"text-align: left\" >Implementaci\u00f3n de contratos de interconexi\u00f3n y de conexi\u00f3n<\/h4><\/div><div class=\"vc_custom_heading vc_gitem-post-data vc_gitem-post-data-source-post_excerpt\" ><p style=\"text-align: left\" ><p>Cumplimiento de los requerimientos de los Contratos de Interconexi\u00f3n y de Conexi\u00f3n<\/p>\n<\/p><\/div><div class=\"vc_btn3-container vc_btn3-left\"><a class=\"vc_general vc_btn3 vc_btn3-size-md vc_btn3-shape-rounded vc_btn3-style-modern vc_btn3-color-primary\" a href=\"https:\/\/www.robinsdevelop.com\/energia\/service\/implementacion-de-contratos-de-interconexion-y-de-conexion\/\" class=\"vc_gitem-link vc_general vc_btn3 vc_general vc_btn3 vc_btn3-size-md vc_btn3-shape-rounded vc_btn3-style-modern vc_btn3-color-primary\" title=\"Leer m\u00e1s\">Leer m\u00e1s<\/a><\/div><\/div><\/div><\/div><\/div><\/div><div class=\"vc_clearfix\"><\/div><\/div><\/div><\/div>\n\t<\/div>\n<\/div><\/div><\/div><\/div><\/div><div class=\"vc_row-full-width vc_clearfix\"><\/div><div class=\"vc_row wpb_row vc_row-fluid\"><div class=\"wpb_column vc_column_container vc_col-sm-12\"><div class=\"vc_column-inner\"><div class=\"wpb_wrapper\"><\/div><\/div><\/div><\/div>\n<\/section>","protected":false},"excerpt":{"rendered":"Lo que hacemos Nuestros servicios Servicios relacionados con los tipos de energ\u00edas, incluidos del tipo de viento, solar, CHP y ciclos combinados, destinados a la gesti\u00f3n operativa, que puede ser diferente seg\u00fan el sector industrial. Diagnostico Comercial \/ RegulatorioDiagnostico Comercial\/Regulatorio, herramientas de an\u00e1lisis y modelaci\u00f3n, Matriz de Cumplimiento\u00ae Leer m\u00e1sElaboraci\u00f3n e implementaci\u00f3n de estrategias comercialesAsegurar [...]","protected":false},"author":1,"featured_media":0,"parent":0,"menu_order":0,"comment_status":"closed","ping_status":"closed","template":"","meta":{"_themeisle_gutenberg_block_has_review":false,"footnotes":""},"class_list":["post-2339","page","type-page","status-publish","hentry"],"_links":{"self":[{"href":"https:\/\/www.robinsdevelop.com\/energia\/wp-json\/wp\/v2\/pages\/2339","targetHints":{"allow":["GET"]}}],"collection":[{"href":"https:\/\/www.robinsdevelop.com\/energia\/wp-json\/wp\/v2\/pages"}],"about":[{"href":"https:\/\/www.robinsdevelop.com\/energia\/wp-json\/wp\/v2\/types\/page"}],"author":[{"embeddable":true,"href":"https:\/\/www.robinsdevelop.com\/energia\/wp-json\/wp\/v2\/users\/1"}],"replies":[{"embeddable":true,"href":"https:\/\/www.robinsdevelop.com\/energia\/wp-json\/wp\/v2\/comments?post=2339"}],"version-history":[{"count":11,"href":"https:\/\/www.robinsdevelop.com\/energia\/wp-json\/wp\/v2\/pages\/2339\/revisions"}],"predecessor-version":[{"id":3147,"href":"https:\/\/www.robinsdevelop.com\/energia\/wp-json\/wp\/v2\/pages\/2339\/revisions\/3147"}],"wp:attachment":[{"href":"https:\/\/www.robinsdevelop.com\/energia\/wp-json\/wp\/v2\/media?parent=2339"}],"curies":[{"name":"wp","href":"https:\/\/api.w.org\/{rel}","templated":true}]}}