{"id":2366,"date":"2018-01-16T15:38:23","date_gmt":"2018-01-16T15:38:23","guid":{"rendered":"http:\/\/ranbron.bolvo.com\/?page_id=2366"},"modified":"2023-02-14T21:08:40","modified_gmt":"2023-02-14T21:08:40","slug":"contacto","status":"publish","type":"page","link":"https:\/\/www.robinsdevelop.com\/energia\/contacto\/","title":{"rendered":"Contacto"},"content":{"rendered":"<section class=\"wpb-content-wrapper\"><div class=\"vc_row wpb_row vc_row-fluid contact-page\"><div class=\"wpb_column vc_column_container vc_col-sm-12\"><div class=\"vc_column-inner\"><div class=\"wpb_wrapper\">\n<div class=\"sec-title\">\n\t<div class=\"tag-line\">Mant\u00e9ngase en contacto con nosotros<\/div><!-- \/.tag-line -->\n\t<h2>Env\u00edenos un mensaje<\/h2>\n<\/div>\n<div class=\"vc_row wpb_row vc_inner vc_row-fluid\"><div class=\"wpb_column vc_column_container vc_col-sm-8\"><div class=\"vc_column-inner\"><div class=\"wpb_wrapper\">\n<div class=\"wpcf7 no-js\" id=\"wpcf7-f3082-o1\" lang=\"en-US\" dir=\"ltr\" data-wpcf7-id=\"3082\">\n<div class=\"screen-reader-response\"><p role=\"status\" aria-live=\"polite\" aria-atomic=\"true\"><\/p> <ul><\/ul><\/div>\n<form action=\"\/energia\/wp-json\/wp\/v2\/pages\/2366#wpcf7-f3082-o1\" method=\"post\" class=\"wpcf7-form init\" aria-label=\"Contact form\" novalidate=\"novalidate\" data-status=\"init\">\n<fieldset class=\"hidden-fields-container\"><input type=\"hidden\" name=\"_wpcf7\" value=\"3082\" \/><input type=\"hidden\" name=\"_wpcf7_version\" value=\"6.1.5\" \/><input type=\"hidden\" name=\"_wpcf7_locale\" value=\"en_US\" \/><input type=\"hidden\" name=\"_wpcf7_unit_tag\" value=\"wpcf7-f3082-o1\" \/><input type=\"hidden\" name=\"_wpcf7_container_post\" value=\"0\" \/><input type=\"hidden\" name=\"_wpcf7_posted_data_hash\" value=\"\" \/>\n<\/fieldset>\n<div class=\"contactpage contact-form\">\n\t<p class=\"note\">Los campos se\u00f1alados con * son obligatorios\n\t<\/p>\n\t<p><label class=\"input-label\">Nombre *<\/label><span class=\"wpcf7-form-control-wrap\" data-name=\"your-name\"><input size=\"40\" maxlength=\"400\" class=\"wpcf7-form-control wpcf7-text wpcf7-validates-as-required tt_input\" aria-required=\"true\" aria-invalid=\"false\" value=\"\" type=\"text\" name=\"your-name\" \/><\/span><br \/>\n<label class=\"input-label\">Correo *<\/label><span class=\"wpcf7-form-control-wrap\" data-name=\"your-email\"><input size=\"40\" maxlength=\"400\" class=\"wpcf7-form-control wpcf7-email wpcf7-validates-as-required wpcf7-text wpcf7-validates-as-email tt_input\" aria-required=\"true\" aria-invalid=\"false\" value=\"\" type=\"email\" name=\"your-email\" \/><\/span><br \/>\n<label class=\"input-label\">Mensaje *<\/label><span class=\"wpcf7-form-control-wrap\" data-name=\"your-message\"><textarea cols=\"40\" rows=\"10\" maxlength=\"2000\" class=\"wpcf7-form-control wpcf7-textarea tt_textarea\" aria-invalid=\"false\" name=\"your-message\"><\/textarea><\/span><br \/>\n<input class=\"wpcf7-form-control wpcf7-submit has-spinner tt_submit\" type=\"submit\" value=\"Enviar mensaje\" \/>\n\t<\/p>\n<\/div><div class=\"wpcf7-response-output\" aria-hidden=\"true\"><\/div>\n<\/form>\n<\/div>\n<\/div><\/div><\/div><div class=\"contact-info inner wpb_column vc_column_container vc_col-sm-4\"><div class=\"vc_column-inner\"><div class=\"wpb_wrapper\">\n\t<div class=\"wpb_text_column wpb_content_element  single-contact-info\" >\n\t\t<div class=\"wpb_wrapper\">\n\t\t\t<h4>Tel\u00e9fonos:<\/h4>\n<p><a href=\"tel:56-11-88-76-93\">56.11.88.76.93<\/a><\/p>\n<p><a href=\"tel:55-12-89-44-86\">55.12.89.44.86<\/a><\/p>\n\n\t\t<\/div>\n\t<\/div>\n\n\t<div class=\"wpb_text_column wpb_content_element  single-contact-info\" >\n\t\t<div class=\"wpb_wrapper\">\n\t\t\t<h4>email :<\/h4>\n<p><a href=\"mailto:contacto@cienergia.com\">contacto@cienergia.com<\/a><\/p>\n\n\t\t<\/div>\n\t<\/div>\n<\/div><\/div><\/div><\/div><\/div><\/div><\/div><\/div>\n<\/section>","protected":false},"excerpt":{"rendered":"Mant\u00e9ngase en contacto con nosotros Env\u00edenos un mensaje Los campos se\u00f1alados con * son obligatorios Nombre * Correo * Mensaje * Tel\u00e9fonos: 56.11.88.76.93 55.12.89.44.86 email : contacto@cienergia.com","protected":false},"author":1,"featured_media":0,"parent":0,"menu_order":0,"comment_status":"closed","ping_status":"closed","template":"","meta":{"_themeisle_gutenberg_block_has_review":false,"footnotes":""},"class_list":["post-2366","page","type-page","status-publish","hentry"],"_links":{"self":[{"href":"https:\/\/www.robinsdevelop.com\/energia\/wp-json\/wp\/v2\/pages\/2366","targetHints":{"allow":["GET"]}}],"collection":[{"href":"https:\/\/www.robinsdevelop.com\/energia\/wp-json\/wp\/v2\/pages"}],"about":[{"href":"https:\/\/www.robinsdevelop.com\/energia\/wp-json\/wp\/v2\/types\/page"}],"author":[{"embeddable":true,"href":"https:\/\/www.robinsdevelop.com\/energia\/wp-json\/wp\/v2\/users\/1"}],"replies":[{"embeddable":true,"href":"https:\/\/www.robinsdevelop.com\/energia\/wp-json\/wp\/v2\/comments?post=2366"}],"version-history":[{"count":4,"href":"https:\/\/www.robinsdevelop.com\/energia\/wp-json\/wp\/v2\/pages\/2366\/revisions"}],"predecessor-version":[{"id":3152,"href":"https:\/\/www.robinsdevelop.com\/energia\/wp-json\/wp\/v2\/pages\/2366\/revisions\/3152"}],"wp:attachment":[{"href":"https:\/\/www.robinsdevelop.com\/energia\/wp-json\/wp\/v2\/media?parent=2366"}],"curies":[{"name":"wp","href":"https:\/\/api.w.org\/{rel}","templated":true}]}}